{"id":119,"date":"2024-05-01T12:40:10","date_gmt":"2024-05-01T12:40:10","guid":{"rendered":"https:\/\/ecofabric.net\/?page_id=119"},"modified":"2024-07-31T04:47:50","modified_gmt":"2024-07-31T04:47:50","slug":"blog","status":"publish","type":"page","link":"https:\/\/ecofabric.net\/fr\/blog\/","title":{"rendered":"Blog"},"content":{"rendered":"<div data-elementor-type=\"wp-page\" data-elementor-id=\"119\" class=\"elementor elementor-119\" data-elementor-post-type=\"page\">\n\t\t\t\t\t\t<section class=\"elementor-section elementor-top-section elementor-element elementor-element-36f4c287 elementor-section-boxed elementor-section-height-default elementor-section-height-default\" data-id=\"36f4c287\" data-element_type=\"section\">\n\t\t\t\t\t\t\t<div class=\"elementor-background-overlay\"><\/div>\n\t\t\t\t\t\t\t<div class=\"elementor-container elementor-column-gap-default\">\n\t\t\t\t\t<div class=\"elementor-column elementor-col-100 elementor-top-column elementor-element elementor-element-788058a2\" data-id=\"788058a2\" data-element_type=\"column\">\n\t\t\t<div class=\"elementor-widget-wrap elementor-element-populated\">\n\t\t\t\t\t\t<div class=\"elementor-element elementor-element-5553b9e6 elementor-widget elementor-widget-heading\" data-id=\"5553b9e6\" data-element_type=\"widget\" data-widget_type=\"heading.default\">\n\t\t\t\t<div class=\"elementor-widget-container\">\n\t\t\t\t\t<h2 class=\"elementor-heading-title elementor-size-default\">Blog<\/h2>\t\t\t\t<\/div>\n\t\t\t\t<\/div>\n\t\t\t\t\t<\/div>\n\t\t<\/div>\n\t\t\t\t\t<\/div>\n\t\t<\/section>\n\t\t\t\t<section class=\"elementor-section elementor-top-section elementor-element elementor-element-40446827 elementor-section-boxed elementor-section-height-default elementor-section-height-default\" data-id=\"40446827\" data-element_type=\"section\">\n\t\t\t\t\t\t<div class=\"elementor-container elementor-column-gap-default\">\n\t\t\t\t\t<div class=\"elementor-column elementor-col-66 elementor-top-column elementor-element elementor-element-21d83eb6\" data-id=\"21d83eb6\" data-element_type=\"column\">\n\t\t\t<div class=\"elementor-widget-wrap elementor-element-populated\">\n\t\t\t\t\t\t<div class=\"elementor-element elementor-element-3ec175b8 elementor-widget elementor-widget-html\" data-id=\"3ec175b8\" data-element_type=\"widget\" data-widget_type=\"html.default\">\n\t\t\t\t<div class=\"elementor-widget-container\">\n\t\t\t\t\t<style>\n    \n    @media only screen and (max-width: 767px) {\n .elementor-34066 .elementor-element.elementor-element-7b8acae.elementor-posts--thumbnail-left .elementor-post__thumbnail__link {\n    \n    float: none;\n    margin:0 0 10px 0;\n    display:block;\n}\n\n.elementor-posts--skin-classic .elementor-post {\n    overflow: hidden;\n    display: block;\n}\n\n}\n    \n<\/style>\t\t\t\t<\/div>\n\t\t\t\t<\/div>\n\t\t\t\t<div class=\"elementor-element elementor-element-31c7fac6 elementor-grid-1 elementor-grid-tablet-1 elementor-posts--thumbnail-left elementor-posts--align-left elementor-grid-mobile-1 elementor-widget elementor-widget-posts\" data-id=\"31c7fac6\" data-element_type=\"widget\" data-settings=\"{&quot;classic_columns&quot;:&quot;1&quot;,&quot;classic_columns_tablet&quot;:&quot;1&quot;,&quot;classic_row_gap&quot;:{&quot;unit&quot;:&quot;px&quot;,&quot;size&quot;:14,&quot;sizes&quot;:[]},&quot;pagination_type&quot;:&quot;numbers&quot;,&quot;classic_columns_mobile&quot;:&quot;1&quot;,&quot;classic_row_gap_tablet&quot;:{&quot;unit&quot;:&quot;px&quot;,&quot;size&quot;:&quot;&quot;,&quot;sizes&quot;:[]},&quot;classic_row_gap_mobile&quot;:{&quot;unit&quot;:&quot;px&quot;,&quot;size&quot;:&quot;&quot;,&quot;sizes&quot;:[]}}\" data-widget_type=\"posts.classic\">\n\t\t\t\t<div class=\"elementor-widget-container\">\n\t\t\t\t\t\t\t<div class=\"elementor-posts-container elementor-posts elementor-posts--skin-classic elementor-grid\">\n\t\t\t\t<article class=\"elementor-post elementor-grid-item post-10 post type-post status-publish format-standard hentry category-blog\">\n\t\t\t\t<div class=\"elementor-post__text\">\n\t\t\t\t<h3 class=\"elementor-post__title\">\n\t\t\t<a href=\"https:\/\/ecofabric.net\/fr\/%d9%85%d8%a7-%d9%87%d9%88-eco-fabric%d8%9f\/\" >\n\t\t\t\tQu'est-ce que l'ECO FABRIC ?\t\t\t<\/a>\n\t\t<\/h3>\n\t\t\t\t<div class=\"elementor-post__meta-data\">\n\t\t\t\t\t<span class=\"elementor-post-author\">\n\t\t\tecofabric.net\t\t<\/span>\n\t\t\t\t<span class=\"elementor-post-date\">\n\t\t\t25 avril 2024\t\t<\/span>\n\t\t\t\t<\/div>\n\t\t\t\t<div class=\"elementor-post__excerpt\">\n\t\t\t<p>Qu'est-ce que l'\u00e9co-tissu ? L'\u00e9co-tissu est un terme utilis\u00e9 pour d\u00e9crire les tissus qui<\/p>\n\t\t<\/div>\n\t\t\n\t\t<a class=\"elementor-post__read-more\" href=\"https:\/\/ecofabric.net\/fr\/%d9%85%d8%a7-%d9%87%d9%88-eco-fabric%d8%9f\/\" aria-label=\"En savoir plus sur What is ECO FABRIC\" tabindex=\"-1\" >\n\t\t\tLire la suite &gt;&gt;\t\t<\/a>\n\n\t\t\t\t<\/div>\n\t\t\t\t<\/article>\n\t\t\t\t<article class=\"elementor-post elementor-grid-item post-9 post type-post status-publish format-standard hentry category-blog\">\n\t\t\t\t<div class=\"elementor-post__text\">\n\t\t\t\t<h3 class=\"elementor-post__title\">\n\t\t\t<a href=\"https:\/\/ecofabric.net\/fr\/eco-fabric-sustainable-and-stylish-solution-for-upholstery-and-curtains\/\" >\n\t\t\t\tTissu \u00e9cologique : Solution durable et \u00e9l\u00e9gante pour les tissus d'ameublement et les rideaux\t\t\t<\/a>\n\t\t<\/h3>\n\t\t\t\t<div class=\"elementor-post__meta-data\">\n\t\t\t\t\t<span class=\"elementor-post-author\">\n\t\t\tecofabric.net\t\t<\/span>\n\t\t\t\t<span class=\"elementor-post-date\">\n\t\t\t25 avril 2024\t\t<\/span>\n\t\t\t\t<\/div>\n\t\t\t\t<div class=\"elementor-post__excerpt\">\n\t\t\t<p>Qu'est-ce que l'ECO FABRIC ? L'ECO FABRIC, ou tissu environnemental, est une solution innovante dans les domaines suivants<\/p>\n\t\t<\/div>\n\t\t\n\t\t<a class=\"elementor-post__read-more\" href=\"https:\/\/ecofabric.net\/fr\/eco-fabric-sustainable-and-stylish-solution-for-upholstery-and-curtains\/\" aria-label=\"En savoir plus sur Eco Fabric: Sustainable and Stylish Solution for Upholstery and Curtains\" tabindex=\"-1\" >\n\t\t\tLire la suite &gt;&gt;\t\t<\/a>\n\n\t\t\t\t<\/div>\n\t\t\t\t<\/article>\n\t\t\t\t<article class=\"elementor-post elementor-grid-item post-8 post type-post status-publish format-standard hentry category-blog\">\n\t\t\t\t<div class=\"elementor-post__text\">\n\t\t\t\t<h3 class=\"elementor-post__title\">\n\t\t\t<a href=\"https:\/\/ecofabric.net\/fr\/%d8%a7%d9%83%d8%aa%d8%b4%d9%81%d9%88%d8%a7-eco-fabric-%d8%a7%d9%84%d8%a3%d9%82%d9%85%d8%b4%d8%a9-%d8%a7%d9%84%d8%a7%d8%b3%d8%aa%d8%af%d8%a7%d9%85%d8%a9-%d9%88%d8%a7%d9%84%d8%a3%d9%86%d8%a7%d9%82\/\" >\n\t\t\t\tD\u00e9couvrez ECO FABRIC : des tissus durables et \u00e9l\u00e9gants pour vos meubles et rideaux\t\t\t<\/a>\n\t\t<\/h3>\n\t\t\t\t<div class=\"elementor-post__meta-data\">\n\t\t\t\t\t<span class=\"elementor-post-author\">\n\t\t\tecofabric.net\t\t<\/span>\n\t\t\t\t<span class=\"elementor-post-date\">\n\t\t\t25 avril 2024\t\t<\/span>\n\t\t\t\t<\/div>\n\t\t\t\t<div class=\"elementor-post__excerpt\">\n\t\t\t<p>D\u00e9couvrez ECO FABRIC Nous sommes fiers de vous pr\u00e9senter ECO FABRIC, qui allie qualit\u00e9 et s\u00e9curit\u00e9.<\/p>\n\t\t<\/div>\n\t\t\n\t\t<a class=\"elementor-post__read-more\" href=\"https:\/\/ecofabric.net\/fr\/%d8%a7%d9%83%d8%aa%d8%b4%d9%81%d9%88%d8%a7-eco-fabric-%d8%a7%d9%84%d8%a3%d9%82%d9%85%d8%b4%d8%a9-%d8%a7%d9%84%d8%a7%d8%b3%d8%aa%d8%af%d8%a7%d9%85%d8%a9-%d9%88%d8%a7%d9%84%d8%a3%d9%86%d8%a7%d9%82\/\" aria-label=\"En savoir plus sur Discover ECO FABRIC: Sustainable and Elegant Fabrics for Your Furniture and Curtains\" tabindex=\"-1\" >\n\t\t\tLire la suite &gt;&gt;\t\t<\/a>\n\n\t\t\t\t<\/div>\n\t\t\t\t<\/article>\n\t\t\t\t<article class=\"elementor-post elementor-grid-item post-7 post type-post status-publish format-standard hentry category-blog\">\n\t\t\t\t<div class=\"elementor-post__text\">\n\t\t\t\t<h3 class=\"elementor-post__title\">\n\t\t\t<a href=\"https:\/\/ecofabric.net\/fr\/eco-fabric-quality-and-sustainability-in-upholstery-and-curtain-fabrics\/\" >\n\t\t\t\tECO FABRIC : Qualit\u00e9 et durabilit\u00e9 des tissus d'ameublement et de rideaux\t\t\t<\/a>\n\t\t<\/h3>\n\t\t\t\t<div class=\"elementor-post__meta-data\">\n\t\t\t\t\t<span class=\"elementor-post-author\">\n\t\t\tecofabric.net\t\t<\/span>\n\t\t\t\t<span class=\"elementor-post-date\">\n\t\t\t25 avril 2024\t\t<\/span>\n\t\t\t\t<\/div>\n\t\t\t\t<div class=\"elementor-post__excerpt\">\n\t\t\t<p>D\u00e9couvrez ECO FABRIC : Qualit\u00e9 et durabilit\u00e9 des tissus d'ameublement et de rideaux.<\/p>\n\t\t<\/div>\n\t\t\n\t\t<a class=\"elementor-post__read-more\" href=\"https:\/\/ecofabric.net\/fr\/eco-fabric-quality-and-sustainability-in-upholstery-and-curtain-fabrics\/\" aria-label=\"En savoir plus sur ECO FABRIC: Quality and Sustainability in Upholstery and Curtain Fabrics\" tabindex=\"-1\" >\n\t\t\tLire la suite &gt;&gt;\t\t<\/a>\n\n\t\t\t\t<\/div>\n\t\t\t\t<\/article>\n\t\t\t\t<\/div>\n\t\t\n\t\t\t\t<div class=\"e-load-more-anchor\" data-page=\"1\" data-max-page=\"2\" data-next-page=\"https:\/\/ecofabric.net\/fr\/wp-json\/wp\/v2\/pages\/119\/page\/2\/\"><\/div>\n\t\t\t\t<nav class=\"elementor-pagination\" aria-label=\"Pagination\">\n\t\t\t<span aria-current=\"page\" class=\"page-numbers current\"><span class=\"elementor-screen-only\">Page<\/span>1<\/span>\n<a class=\"page-numbers\" href=\"https:\/\/ecofabric.net\/fr\/wp-json\/wp\/v2\/pages\/119\/page\/2\/\"><span class=\"elementor-screen-only\">Page<\/span>2<\/a>\t\t<\/nav>\n\t\t\t\t\t\t<\/div>\n\t\t\t\t<\/div>\n\t\t\t\t\t<\/div>\n\t\t<\/div>\n\t\t\t\t<div class=\"elementor-column elementor-col-33 elementor-top-column elementor-element elementor-element-78559b8f\" data-id=\"78559b8f\" data-element_type=\"column\">\n\t\t\t<div class=\"elementor-widget-wrap elementor-element-populated\">\n\t\t\t\t\t\t<div class=\"elementor-element elementor-element-4d4c14fa elementor-search-form--skin-minimal elementor-widget elementor-widget-search-form\" data-id=\"4d4c14fa\" data-element_type=\"widget\" data-settings=\"{&quot;skin&quot;:&quot;minimal&quot;}\" data-widget_type=\"search-form.default\">\n\t\t\t\t<div class=\"elementor-widget-container\">\n\t\t\t\t\t\t\t<search role=\"search\">\n\t\t\t<form class=\"elementor-search-form\" action=\"https:\/\/ecofabric.net\/fr\/\" method=\"get\" data-trp-original-action=\"https:\/\/ecofabric.net\/fr\">\n\t\t\t\t\t\t\t\t\t\t\t\t<div class=\"elementor-search-form__container\">\n\t\t\t\t\t<label class=\"elementor-screen-only\" for=\"elementor-search-form-4d4c14fa\">Rechercher <\/label>\n\n\t\t\t\t\t\t\t\t\t\t\t<div class=\"elementor-search-form__icon\">\n\t\t\t\t\t\t\t<div class=\"e-font-icon-svg-container\"><svg aria-hidden=\"true\" class=\"e-font-icon-svg e-fas-search\" viewbox=\"0 0 512 512\" xmlns=\"http:\/\/www.w3.org\/2000\/svg\"><path d=\"M505 442.7L405.3 343c-4.5-4.5-10.6-7-17-7H372c27.6-35.3 44-79.7 44-128C416 93.1 322.9 0 208 0S0 93.1 0 208s93.1 208 208 208c48.3 0 92.7-16.4 128-44v16.3c0 6.4 2.5 12.5 7 17l99.7 99.7c9.4 9.4 24.6 9.4 33.9 0l28.3-28.3c9.4-9.4 9.4-24.6.1-34zM208 336c-70.7 0-128-57.2-128-128 0-70.7 57.2-128 128-128 70.7 0 128 57.2 128 128 0 70.7-57.2 128-128 128z\"><\/path><\/svg><\/div>\t\t\t\t\t\t\t<span class=\"elementor-screen-only\">Rechercher <\/span>\n\t\t\t\t\t\t<\/div>\n\t\t\t\t\t\n\t\t\t\t\t<input id=\"elementor-search-form-4d4c14fa\" placeholder=\"... Recherche\" class=\"elementor-search-form__input\" type=\"search\" name=\"s\" value=\"\">\n\t\t\t\t\t\n\t\t\t\t\t\n\t\t\t\t\t\t\t\t\t<\/div>\n\t\t\t<input type=\"hidden\" name=\"trp-form-language\" value=\"fr\"\/><\/form>\n\t\t<\/search>\n\t\t\t\t\t\t<\/div>\n\t\t\t\t<\/div>\n\t\t\t\t<div class=\"elementor-element elementor-element-1085540 elementor-widget elementor-widget-heading\" data-id=\"1085540\" data-element_type=\"widget\" data-widget_type=\"heading.default\">\n\t\t\t\t<div class=\"elementor-widget-container\">\n\t\t\t\t\t<h2 class=\"elementor-heading-title elementor-size-default\">Produits de haute qualit\u00e9<\/h2>\t\t\t\t<\/div>\n\t\t\t\t<\/div>\n\t\t\t\t<div class=\"elementor-element elementor-element-687d4f13 elementor-widget elementor-widget-image\" data-id=\"687d4f13\" data-element_type=\"widget\" data-widget_type=\"image.default\">\n\t\t\t\t<div class=\"elementor-widget-container\">\n\t\t\t\t\t\t\t\t\t\t\t\t\t\t\t<img fetchpriority=\"high\" decoding=\"async\" width=\"800\" height=\"534\" src=\"https:\/\/ecofabric.net\/wp-content\/uploads\/2024\/05\/017217f457eae13fba749ee2989da00-1024x683.jpg\" class=\"attachment-large size-large wp-image-336\" alt=\"\" srcset=\"https:\/\/ecofabric.net\/wp-content\/uploads\/2024\/05\/017217f457eae13fba749ee2989da00-1024x683.jpg 1024w, https:\/\/ecofabric.net\/wp-content\/uploads\/2024\/05\/017217f457eae13fba749ee2989da00-300x200.jpg 300w, https:\/\/ecofabric.net\/wp-content\/uploads\/2024\/05\/017217f457eae13fba749ee2989da00-768x512.jpg 768w, https:\/\/ecofabric.net\/wp-content\/uploads\/2024\/05\/017217f457eae13fba749ee2989da00-1536x1024.jpg 1536w, https:\/\/ecofabric.net\/wp-content\/uploads\/2024\/05\/017217f457eae13fba749ee2989da00-2048x1366.jpg 2048w, https:\/\/ecofabric.net\/wp-content\/uploads\/2024\/05\/017217f457eae13fba749ee2989da00-18x12.jpg 18w, https:\/\/ecofabric.net\/wp-content\/uploads\/2024\/05\/017217f457eae13fba749ee2989da00-600x400.jpg 600w\" sizes=\"(max-width: 800px) 100vw, 800px\" \/>\t\t\t\t\t\t\t\t\t\t\t\t\t\t\t<\/div>\n\t\t\t\t<\/div>\n\t\t\t\t<div class=\"elementor-element elementor-element-2dcd3559 elementor-widget elementor-widget-text-editor\" data-id=\"2dcd3559\" data-element_type=\"widget\" data-widget_type=\"text-editor.default\">\n\t\t\t\t<div class=\"elementor-widget-container\">\n\t\t\t\t\t\t\t\t\t<p style=\"text-align: center;\">Chez EcoFabric, nous sommes fiers de proposer des produits de haute qualit\u00e9 qui r\u00e9pondent \u00e0 vos besoins et d\u00e9passent vos attentes. Chaque pi\u00e8ce de nos produits est m\u00e9ticuleusement fabriqu\u00e9e \u00e0 l'aide des meilleurs mat\u00e9riaux durables et de techniques innovantes afin de garantir la durabilit\u00e9 et la haute performance. Profitez du luxe et de la durabilit\u00e9 de chaque produit tout en pr\u00e9servant l'environnement.<\/p>\t\t\t\t\t\t\t\t<\/div>\n\t\t\t\t<\/div>\n\t\t\t\t\t<\/div>\n\t\t<\/div>\n\t\t\t\t\t<\/div>\n\t\t<\/section>\n\t\t\t\t<\/div>","protected":false},"excerpt":{"rendered":"<p>Blog High Quality Goods At EcoFabric, we take pride in offering high-quality products that meet your needs and exceed your expectations. Each piece of our products is meticulously crafted using the finest sustainable materials and innovative techniques to ensure durability and high performance. Enjoy luxury and sustainability in every product while preserving the environment.<\/p>","protected":false},"author":2,"featured_media":0,"parent":0,"menu_order":0,"comment_status":"closed","ping_status":"closed","template":"elementor_header_footer","meta":{"footnotes":""},"_links":{"self":[{"href":"https:\/\/ecofabric.net\/fr\/wp-json\/wp\/v2\/pages\/119"}],"collection":[{"href":"https:\/\/ecofabric.net\/fr\/wp-json\/wp\/v2\/pages"}],"about":[{"href":"https:\/\/ecofabric.net\/fr\/wp-json\/wp\/v2\/types\/page"}],"author":[{"embeddable":true,"href":"https:\/\/ecofabric.net\/fr\/wp-json\/wp\/v2\/users\/2"}],"replies":[{"embeddable":true,"href":"https:\/\/ecofabric.net\/fr\/wp-json\/wp\/v2\/comments?post=119"}],"version-history":[{"count":31,"href":"https:\/\/ecofabric.net\/fr\/wp-json\/wp\/v2\/pages\/119\/revisions"}],"predecessor-version":[{"id":4148,"href":"https:\/\/ecofabric.net\/fr\/wp-json\/wp\/v2\/pages\/119\/revisions\/4148"}],"wp:attachment":[{"href":"https:\/\/ecofabric.net\/fr\/wp-json\/wp\/v2\/media?parent=119"}],"curies":[{"name":"wp","href":"https:\/\/api.w.org\/{rel}","templated":true}]}}