{"id":2650,"date":"2024-07-25T01:14:18","date_gmt":"2024-07-25T01:14:18","guid":{"rendered":"https:\/\/ecofabric.net\/product\/ec8048\/"},"modified":"2025-12-05T01:53:10","modified_gmt":"2025-12-05T01:53:10","slug":"ec8048","status":"publish","type":"product","link":"https:\/\/ecofabric.net\/fr\/produit\/ec8048\/","title":{"rendered":"EC8048"},"content":{"rendered":"<p style='text-align:left;'>Nous vous pr\u00e9sentons notre exquise collection de tissus Jacquard, compos\u00e9e de trois motifs distincts qui vous permettent d'assortir sans effort diff\u00e9rents styles de d\u00e9coration. Le tissu Jacquard est r\u00e9put\u00e9 pour ses motifs complexes et sa texture luxueuse, ce qui en fait un choix tr\u00e8s recherch\u00e9 par les propri\u00e9taires exigeants. D\u00e9couvrez la polyvalence du tissu Jacquard et apportez une touche de luxe \u00e0 votre int\u00e9rieur d\u00e8s aujourd'hui.<\/p>","protected":false},"excerpt":{"rendered":"<p>Nous vous pr\u00e9sentons notre exquise collection de tissus Jacquard, compos\u00e9e de trois motifs distincts qui vous permettent d'assortir sans effort diff\u00e9rents styles de d\u00e9coration. Le tissu Jacquard est r\u00e9put\u00e9 pour ses motifs complexes et sa texture luxueuse, ce qui en fait un choix tr\u00e8s recherch\u00e9 par les propri\u00e9taires exigeants. D\u00e9couvrez la polyvalence du tissu Jacquard et apportez une touche de luxe \u00e0 votre int\u00e9rieur d\u00e8s aujourd'hui.<\/p>","protected":false},"featured_media":2640,"comment_status":"open","ping_status":"closed","template":"","meta":[],"product_cat":[29],"product_tag":[],"_links":{"self":[{"href":"https:\/\/ecofabric.net\/fr\/wp-json\/wp\/v2\/product\/2650"}],"collection":[{"href":"https:\/\/ecofabric.net\/fr\/wp-json\/wp\/v2\/product"}],"about":[{"href":"https:\/\/ecofabric.net\/fr\/wp-json\/wp\/v2\/types\/product"}],"replies":[{"embeddable":true,"href":"https:\/\/ecofabric.net\/fr\/wp-json\/wp\/v2\/comments?post=2650"}],"wp:featuredmedia":[{"embeddable":true,"href":"https:\/\/ecofabric.net\/fr\/wp-json\/wp\/v2\/media\/2640"}],"wp:attachment":[{"href":"https:\/\/ecofabric.net\/fr\/wp-json\/wp\/v2\/media?parent=2650"}],"wp:term":[{"taxonomy":"product_cat","embeddable":true,"href":"https:\/\/ecofabric.net\/fr\/wp-json\/wp\/v2\/product_cat?post=2650"},{"taxonomy":"product_tag","embeddable":true,"href":"https:\/\/ecofabric.net\/fr\/wp-json\/wp\/v2\/product_tag?post=2650"}],"curies":[{"name":"wp","href":"https:\/\/api.w.org\/{rel}","templated":true}]}}